{"id":6,"date":"2007-12-30T19:47:28","date_gmt":"2007-12-30T18:47:28","guid":{"rendered":"http:\/\/www.sokollomnicka.cz\/?page_id=6"},"modified":"2026-03-31T09:38:28","modified_gmt":"2026-03-31T08:38:28","slug":"fotogalerie","status":"publish","type":"page","link":"https:\/\/www.sokollomnicka.cz\/?page_id=6","title":{"rendered":"Fotogalerie"},"content":{"rendered":"\n<p><a href=\"http:\/\/sokollomnicka.zonerama.com\/\">Na\u0161e fotky nov\u011b naleznete na Zoneram\u011b<\/a><\/p>\n\n\n<p><script src=\"http:\/\/sokollomnicka.rajce.net\/?insert=js\" type=\"text\/javascript\" charset=\"utf-8\"><\/script><\/p>\n\n\n<p><\/p>\n","protected":false},"excerpt":{"rendered":"<p>Na\u0161e fotky nov\u011b naleznete na Zoneram\u011b<\/p>\n","protected":false},"author":14,"featured_media":0,"parent":0,"menu_order":0,"comment_status":"open","ping_status":"open","template":"","meta":{"ngg_post_thumbnail":0,"footnotes":""},"class_list":["post-6","page","type-page","status-publish","hentry"],"jetpack_sharing_enabled":true,"jetpack_shortlink":"https:\/\/wp.me\/PaaAj-6","_links":{"self":[{"href":"https:\/\/www.sokollomnicka.cz\/index.php?rest_route=\/wp\/v2\/pages\/6","targetHints":{"allow":["GET"]}}],"collection":[{"href":"https:\/\/www.sokollomnicka.cz\/index.php?rest_route=\/wp\/v2\/pages"}],"about":[{"href":"https:\/\/www.sokollomnicka.cz\/index.php?rest_route=\/wp\/v2\/types\/page"}],"author":[{"embeddable":true,"href":"https:\/\/www.sokollomnicka.cz\/index.php?rest_route=\/wp\/v2\/users\/14"}],"replies":[{"embeddable":true,"href":"https:\/\/www.sokollomnicka.cz\/index.php?rest_route=%2Fwp%2Fv2%2Fcomments&post=6"}],"version-history":[{"count":1,"href":"https:\/\/www.sokollomnicka.cz\/index.php?rest_route=\/wp\/v2\/pages\/6\/revisions"}],"predecessor-version":[{"id":1599,"href":"https:\/\/www.sokollomnicka.cz\/index.php?rest_route=\/wp\/v2\/pages\/6\/revisions\/1599"}],"wp:attachment":[{"href":"https:\/\/www.sokollomnicka.cz\/index.php?rest_route=%2Fwp%2Fv2%2Fmedia&parent=6"}],"curies":[{"name":"wp","href":"https:\/\/api.w.org\/{rel}","templated":true}]}}